{"id":600,"date":"2025-07-28T20:23:25","date_gmt":"2025-07-28T18:23:25","guid":{"rendered":"https:\/\/wirtshaus-graser.de\/jobs\/"},"modified":"2026-03-02T10:44:55","modified_gmt":"2026-03-02T09:44:55","slug":"jobs","status":"publish","type":"page","link":"https:\/\/wirtshaus-graser.de\/en\/jobs\/","title":{"rendered":"Jobs"},"content":{"rendered":"    <section class=\"s-jobs\">\n        <div class=\"container\">\n\n            <div class=\"wrapper-title\">\n                                    <h1>Jobs<\/h1>\n                \n                                    <h4>A traditional inn with a history needs people with heart.<\/h4>\n                            <\/div>\n\n            <ul class=\"jobs-list\">\n                                        <li aria-label=\"Mehr erfahren\">\n                            <a href=\"https:\/\/wirtshaus-graser.de\/en\/jobs\/initiativbewerbung\/\">\n                                <span>Initiativbewerbung                                         <small>m\/w\/d<\/small><\/span>\n                                <svg width=\"11\" height=\"17\" viewBox=\"0 0 11 17\" fill=\"none\"\n                                     xmlns=\"http:\/\/www.w3.org\/2000\/svg\">\n                                    <path d=\"M1 1L9 8.5L1 16\" stroke=\"#4A584B\" stroke-width=\"2\"\/>\n                                <\/svg>\n                            <\/a>\n                        <\/li>\n                                <\/ul>\n        <\/div>\n    <\/section>\n\n\n    <section class=\"s-text-image\">\n        <div class=\"container\">\n            <div class=\"wrapper-box\">\n                <div class=\"left-box\">\n                                            <h4>Full time, part time, mini job, or as a working student?<\/h4>\n                    \n                                            <p data-start=\"308\" data-end=\"504\">At our place, work should fit your life, so you can start with heart, mind, and enthusiasm. That is why we focus on flexibility, open communication, and fair work schedules that work for everyone.<\/p>\n<p data-start=\"506\" data-end=\"705\">Whether you are just starting your career, gaining practical experience alongside your studies, or already a seasoned professional in your field, you will find a working model with us that suits you.<\/p>\n                                    <\/div>\n\n                <div class=\"right-box\">\n                                            <img decoding=\"async\" src=\"https:\/\/wirtshaus-graser.de\/wp-content\/uploads\/2025\/08\/image-text-3.png\" alt=\"\">\n                                    <\/div>\n            <\/div>\n        <\/div>\n    <\/section>\n\n\n    <section class=\"s-benefits\">\n        <div class=\"container\">\n                            <h2>Our benefits for you<\/h2>\n            \n            <div class=\"wrapper-box\">\n                                    <div class=\"benefits-grid\">\n                                                    <p>A contribution towards your commuting costs is possible<\/p>\n                                                    <p>Free staff drinks<\/p>\n                                                    <p>Free staff meals twice a day<\/p>\n                                                    <p>Staff discount for you and one accompanying person<\/p>\n                                                    <p>Generous allowance for your work clothing<\/p>\n                                                    <p>Lorem ipsum dolor sit \u2028amet lorem ipsum<\/p>\n                                                    <p>Lorem ipsum dolor sit \u2028amet lorem ipsum<\/p>\n                                                    <p>Lorem ipsum dolor sit \u2028amet lorem ipsum<\/p>\n                                            <\/div>\n                            <\/div>\n        <\/div>\n    <\/section>\n\n\n    <section class=\"s-contact-call\">\n        <div class=\"container\">\n            <div class=\"wrapper-box\">\n                <div class=\"left-box\">\n                                            <h2>Du m\u00f6chtest mit uns durchstarten?<\/h2>\n                    \n                                            <p>Dann freuen wir uns \u00fcber deine Nachricht, warum du der oder die Richtige f\u00fcr uns bist.<\/p>\n                    \n                    <div class=\"m-wrapper-link\">\n                                                    <a href=\"tel:+49 (0)951 12 34 56\">+49 (0)951 12 34 56<\/a>\n                                                                            <a href=\"mailto:karriere@wirtshaus-graser.de\">karriere@wirtshaus-graser.de<\/a>\n                                            <\/div>\n\n                                            <a class=\"btn btn-2\" href=\"mailto:karriere@wirtshaus-graser.de\"\n                           target=\"_self\">Per Mail Bewerben<\/a>\n                                    <\/div>\n\n                <div class=\"right-box\">\n                    <div class=\"image\">\n                                                    <img decoding=\"async\" src=\"https:\/\/wirtshaus-graser.de\/wp-content\/uploads\/2025\/08\/contact-call.jpg\" alt=\"\">\n                        \n                                                    <div class=\"text\"><em>Konrad Graser besteigt den Gambrinus Thron in der Dominikanerstra\u00dfe im Jahre 1866 als Braumeister zum Heller. Er war vorher mehrere Jahrzehnte der Br\u00e4u der Brauerei Michaelsberg gewesen, der \u00e4ltesten Brauerei Bambergs mit beurkundetem Braurecht seit 1154.<\/em><\/div>\n                                            <\/div>\n                <\/div>\n            <\/div>\n        <\/div>\n    <\/section>\n\n\n\n<p><\/p>\n","protected":false},"excerpt":{"rendered":"","protected":false},"author":1,"featured_media":0,"parent":0,"menu_order":0,"comment_status":"closed","ping_status":"closed","template":"views\/standardvorlage.php","meta":{"_acf_changed":false,"footnotes":""},"class_list":["post-600","page","type-page","status-publish","hentry"],"acf":[],"_links":{"self":[{"href":"https:\/\/wirtshaus-graser.de\/en\/wp-json\/wp\/v2\/pages\/600","targetHints":{"allow":["GET"]}}],"collection":[{"href":"https:\/\/wirtshaus-graser.de\/en\/wp-json\/wp\/v2\/pages"}],"about":[{"href":"https:\/\/wirtshaus-graser.de\/en\/wp-json\/wp\/v2\/types\/page"}],"author":[{"embeddable":true,"href":"https:\/\/wirtshaus-graser.de\/en\/wp-json\/wp\/v2\/users\/1"}],"replies":[{"embeddable":true,"href":"https:\/\/wirtshaus-graser.de\/en\/wp-json\/wp\/v2\/comments?post=600"}],"version-history":[{"count":2,"href":"https:\/\/wirtshaus-graser.de\/en\/wp-json\/wp\/v2\/pages\/600\/revisions"}],"predecessor-version":[{"id":1311,"href":"https:\/\/wirtshaus-graser.de\/en\/wp-json\/wp\/v2\/pages\/600\/revisions\/1311"}],"wp:attachment":[{"href":"https:\/\/wirtshaus-graser.de\/en\/wp-json\/wp\/v2\/media?parent=600"}],"curies":[{"name":"wp","href":"https:\/\/api.w.org\/{rel}","templated":true}]}}